{"id":13,"date":"2023-10-23T19:18:11","date_gmt":"2023-10-23T17:18:11","guid":{"rendered":"https:\/\/thalitaperu.com\/?page_id=13"},"modified":"2023-10-31T23:09:31","modified_gmt":"2023-10-31T22:09:31","slug":"reembolso_de_cambios","status":"publish","type":"page","link":"https:\/\/thalitaperu.com\/index.php\/reembolso_de_cambios\/","title":{"rendered":"Pol\u00edtica de cambios"},"content":{"rendered":"\t\t<div data-elementor-type=\"wp-page\" data-elementor-id=\"13\" class=\"elementor elementor-13\">\n\t\t\t\t<div class=\"elementor-element elementor-element-117d90a4 e-flex e-con-boxed wd-section-disabled e-con e-parent\" data-id=\"117d90a4\" data-element_type=\"container\" data-e-type=\"container\">\n\t\t\t\t\t<div class=\"e-con-inner\">\n\t\t\t\t<div class=\"elementor-element elementor-element-6595bbd3 color-scheme-inherit text-left elementor-widget elementor-widget-text-editor\" data-id=\"6595bbd3\" data-element_type=\"widget\" data-e-type=\"widget\" data-widget_type=\"text-editor.default\">\n\t\t\t\t<div class=\"elementor-widget-container\">\n\t\t\t\t\t\t\t\t\t\n<p>Tu satisfacci\u00f3n es lo m\u00e1s importante para nosotros; si por alg\u00fan motivo no est\u00e1s satisfecha con tu compra tienes un m\u00e1ximo de dos (2) d\u00edas calendario desde la fecha de compra o desde que recibiste tu pedido en Lima y Provincia para hacer la solicitud de cambio.<\/p>\n<p>Si la prenda que recibiste tiene alguna falla de f\u00e1brica o hemos cometido alg\u00fan error en tu pedido \u00a1no te preocupes! Te lo solucionaremos\u00a0a la brevedad posible<strong>.\u00a0<\/strong><\/p>\n<p>Podr\u00e1s realizar el cambio bajo las siguientes condiciones:<\/p>\n<ul>\n<li><span class=\"OYPEnA text-decoration-none text-strikethrough-none\">El producto debe estar en perfectas condiciones (completo, en su empaque original y etiquetas colgadas.\u00a0<strong>Prendas con etiquetas sueltas no tienen posibilidad de cambio<\/strong>.<\/span><\/li>\n<li><span class=\"OYPEnA text-decoration-none text-strikethrough-none\">Puedes realizar el cambio por una prenda del mismo valor o una de mayor valor. En caso de elegir una de menos valor que la prenda, no se realiza reintegro alguno.<\/span><\/li>\n<li>Es indispensable que la prenda se encuentre en perfecto estado. Sin manchas o estir\u00f3n alguno.<strong>\u00a0Prendas con se\u00f1ales de uso no tienen posibilidad de cambio.<\/strong><\/li>\n<li>Por razones de higiene no aceptamos cambios de prendas con dise\u00f1o tipo hilo, excepto cuando hayan sido identificados defectos de calidad de f\u00e1brica.<\/li>\n<li>Las compras realizadas con alg\u00fan tipo de promoci\u00f3n\/descuento\u00a0 no ser\u00e1n aptas para cambio, excepto da\u00f1os de f\u00e1brica.<\/li>\n<li><strong>No se realizan devoluciones.<\/strong><\/li>\n<li>El cambio de prenda se puede realizar una (1) vez.<\/li>\n<\/ul>\n<p>\u00a0<\/p>\n<h2>Cambio para compras en Lima<\/h2>\n<ul>\n<li>El costo del env\u00edo hacia Thalita Per\u00fa es asumido por el cliente.<\/li>\n<li><span class=\"OYPEnA text-decoration-none text-strikethrough-none\">El cambio<\/span>\u00a0<span class=\"OYPEnA text-decoration-none text-strikethrough-none\">por compra online<\/span><span class=\"OYPEnA text-decoration-none text-strikethrough-none\">\u00a0lo puedes hacer con env\u00edo a domicilio o en una de nuestras tiendas (previa coordinaci\u00f3n).<\/span><\/li>\n<li><span class=\"OYPEnA text-decoration-none text-strikethrough-none\">El cambio\u00a0<\/span><span class=\"OYPEnA text-decoration-none text-strikethrough-none\">por compra en tienda<\/span>\u00a0<span class=\"OYPEnA text-decoration-none text-strikethrough-none\">lo debes solicitar en la misma tienda donde realizaste la compra para corroborar los t\u00e9rminos de la compra.<\/span><\/li>\n<\/ul>\n<p>\u00a0<\/p>\n<h2>Cambio para compras en Provincia<\/h2>\n<ul>\n<li>Si estas en provincia debes enviar las prendas a cambiar a la siguiente direcci\u00f3n:<\/li>\n<\/ul>\n<div>Direcci\u00f3n: Calle Bol\u00edvar 270, Miraflores<\/div>\n<div>Referencia: Edificio con tienda Oxxo<\/div>\n<div>Horario: de lunes a viernes 10am a 4pm<\/div>\n<ul>\n<li>Una vez recepcionado el pedido en nuestra oficina, revisaremos la prenda y en caso cumpla con los requisitos solicitados, se proceder\u00e1 a el cambio.\u00a0<\/li>\n<li>El cliente deber\u00e1 asumir los gastos del nuevo env\u00edo.<\/li>\n<\/ul>\n\t\t\t\t\t\t\t\t<\/div>\n\t\t\t\t<\/div>\n\t\t\t\t\t<\/div>\n\t\t\t\t<\/div>\n\t\t\t\t<\/div>\n\t\t","protected":false},"excerpt":{"rendered":"<p>Tu satisfacci\u00f3n es lo m\u00e1s importante para nosotros; si por alg\u00fan motivo no est\u00e1s satisfecha con tu compra tienes un<\/p>\n","protected":false},"author":1,"featured_media":0,"parent":0,"menu_order":0,"comment_status":"closed","ping_status":"closed","template":"","meta":{"_joinchat":[],"footnotes":""},"class_list":["post-13","page","type-page","status-publish","hentry"],"jetpack_sharing_enabled":true,"_links":{"self":[{"href":"https:\/\/thalitaperu.com\/index.php\/wp-json\/wp\/v2\/pages\/13","targetHints":{"allow":["GET"]}}],"collection":[{"href":"https:\/\/thalitaperu.com\/index.php\/wp-json\/wp\/v2\/pages"}],"about":[{"href":"https:\/\/thalitaperu.com\/index.php\/wp-json\/wp\/v2\/types\/page"}],"author":[{"embeddable":true,"href":"https:\/\/thalitaperu.com\/index.php\/wp-json\/wp\/v2\/users\/1"}],"replies":[{"embeddable":true,"href":"https:\/\/thalitaperu.com\/index.php\/wp-json\/wp\/v2\/comments?post=13"}],"version-history":[{"count":4,"href":"https:\/\/thalitaperu.com\/index.php\/wp-json\/wp\/v2\/pages\/13\/revisions"}],"predecessor-version":[{"id":16887,"href":"https:\/\/thalitaperu.com\/index.php\/wp-json\/wp\/v2\/pages\/13\/revisions\/16887"}],"wp:attachment":[{"href":"https:\/\/thalitaperu.com\/index.php\/wp-json\/wp\/v2\/media?parent=13"}],"curies":[{"name":"wp","href":"https:\/\/api.w.org\/{rel}","templated":true}]}}