{"id":3,"date":"2023-10-20T00:18:05","date_gmt":"2023-10-19T22:18:05","guid":{"rendered":"https:\/\/thalitaperu.com\/?page_id=3"},"modified":"2023-10-31T22:54:15","modified_gmt":"2023-10-31T21:54:15","slug":"politica-privacidad","status":"publish","type":"page","link":"https:\/\/thalitaperu.com\/index.php\/politica-privacidad\/","title":{"rendered":"Pol\u00edtica de privacidad"},"content":{"rendered":"\t\t<div data-elementor-type=\"wp-page\" data-elementor-id=\"3\" class=\"elementor elementor-3\">\n\t\t\t\t<div class=\"elementor-element elementor-element-6843aec4 e-flex e-con-boxed wd-section-disabled e-con e-parent\" data-id=\"6843aec4\" data-element_type=\"container\" data-e-type=\"container\">\n\t\t\t\t\t<div class=\"e-con-inner\">\n\t\t\t\t<div class=\"elementor-element elementor-element-35d418df color-scheme-inherit text-left elementor-widget elementor-widget-text-editor\" data-id=\"35d418df\" data-element_type=\"widget\" data-e-type=\"widget\" data-widget_type=\"text-editor.default\">\n\t\t\t\t<div class=\"elementor-widget-container\">\n\t\t\t\t\t\t\t\t\t\n<h2 class=\"wp-block-heading\">POL\u00cdTICA DE PRIVACIDAD<\/h2>\n<p>Mediante la presente pol\u00edtica de privacidad, de acuerdo a la Ley No. 29733, Ley de Protecci\u00f3n de Datos Personales (\u201cLey\u201d), y su reglamento aprobado mediante Decreto Supremo No. 003-2013-JUS (\u201cReglamento\u201d), damos a conocer los lineamientos bajo los cuales realizamos el tratamiento de los datos personales que cada usuario o usuaria comparte con nosotros previo otorgamiento de su consentimiento libre, previo, expreso, inequ\u00edvoco e informado.<\/p>\n<h4>DEFINICIONES<\/h4>\n<p>Autorizaci\u00f3n: consentimiento que de manera previa, expresa e informada emite el titular de alg\u00fan dato personal para que la compa\u00f1\u00eda lleve a cabo el tratamiento de sus datos personales.<\/p>\n<p>Titular: persona natural cuyos datos son objeto de tratamiento por parte de la compa\u00f1\u00eda.<\/p>\n<p>Base de datos: conjunto de datos personales.<\/p>\n<p>Dato personal: informaci\u00f3n que est\u00e1 vinculada a una persona. Es cualquier pieza de informaci\u00f3n vinculada a una o varias personas determinadas o determinables o que puedan asociarse con una persona natural o jur\u00eddica. Los datos personales pueden ser p\u00fablicos, semiprivados o privados.<\/p>\n<p>Tratamiento: cualquier operaci\u00f3n o conjunto de operaciones sobre datos personales dentro de las cuales se puede incluir su recolecci\u00f3n, almacenamiento, uso, circulaci\u00f3n o supresi\u00f3n.<\/p>\n<p>Encargado del tratamiento: persona natural o jur\u00eddica, p\u00fablica o privada, que por s\u00ed misma o en asocio con otros, realiza alg\u00fan tratamiento sobre datos personales por cuenta del responsable del tratamiento.<\/p>\n<p>Responsable del tratamiento: persona natural o jur\u00eddica, p\u00fablica o privada, que por s\u00ed misma o en asocio con otros, decida sobre la base de datos y\/o el tratamiento de los datos.<\/p>\n<p>Dato p\u00fablico: Es aquel dato calificado como tal seg\u00fan los mandatos de la ley o de la Constituci\u00f3n Pol\u00edtica. Son p\u00fablicos, entre otros, los datos contenidos en documentos p\u00fablicos, sentencias judiciales ejecutoriadas que no est\u00e9n sometidas a reserva y los relativos al estado civil de las personas.<\/p>\n<p>Dato semiprivado: Es semiprivado el dato que no tiene naturaleza \u00edntima, reservada, ni p\u00fablica y cuyo conocimiento o divulgaci\u00f3n puede interesar no s\u00f3lo a su titular sino a cierto sector o grupo de personas o a la sociedad en general, como el dato financiero y crediticio de actividad comercial.<\/p>\n<p>Regina Importaciones SAC (Thalita Per\u00fa) Identificada con RUC 20601765463 con domicilio en Calle Bol\u00edvar N\u00b0270, Miraflores, provincia y departamento de Lima es la titular del banco de datos personales denominado \u201cClientes\u201d que contiene los datos personales proporcionados por cada usuario o usuaria que ha creado una cuenta en el sitio web y concreta una compra.\u00a0<\/p>\n<h4>DEBERES QUE TIENE REGINA IMPORTACIONES SAC RESPECTO A LOS TITULARES DE LOS DATOS\u00a0<\/h4>\n<p>Regina Importaciones SAC reconoce que los datos personales son propiedad de los titulares de los mismos y que \u00fanicamente tales personas podr\u00e1n decidir sobre \u00e9stos. En este sentido, har\u00e1 uso exclusivo para aquellas finalidades para las que sea facultado en los t\u00e9rminos de la ley y en aras de lo anterior se permite informar los deberes que asume en su calidad de responsable del tratamiento:\u00a0<\/p>\n<p>a) La compa\u00f1\u00eda deber\u00e1 buscar el medio a trav\u00e9s del cual obtener la autorizaci\u00f3n expresa por parte del titular de los datos para realizar cualquier tipo de tratamiento.<\/p>\n<p>b) La compa\u00f1\u00eda deber\u00e1 informar de manera clara y expresa a sus clientes, empleados, proveedores y terceros en general de quienes obtenga bases de datos el tratamiento al cual ser\u00e1n sometidos los mismos y la finalidad de dicho tratamiento. Para ello, la compa\u00f1\u00eda deber\u00e1 dise\u00f1ar la estrategia a trav\u00e9s de la cual para cada evento, mec\u00e1nica o solicitud de datos que se realice, informar\u00e1 a los mismos el respectivo tratamiento de que se trate. Algunos de estos medios puede ser el env\u00edo de mensajes de texto, diligenciamiento de formatos f\u00edsicos, a trav\u00e9s del sitio web fajasmariaeperu.com<\/p>\n<p>c) La compa\u00f1\u00eda debe informar a los titulares de los datos para cada caso, el car\u00e1cter facultativo de responder y otorgar la respectiva informaci\u00f3n solicitada.<\/p>\n<p>d) En todos los casos en los que se recopilen datos, se deber\u00e1 informar los derechos que le asisten a todos los titulares respecto a sus datos.<\/p>\n<p>e) La compa\u00f1\u00eda debe informar la identificaci\u00f3n, direcci\u00f3n f\u00edsica o electr\u00f3nica y tel\u00e9fono de la persona o \u00e1rea que tendr\u00e1 la calidad de responsable del tratamiento, dentro de los cuales se podr\u00e1 tener la p\u00e1gina web\u00a0fajasmariae.com<\/p>\n<p>f) La compa\u00f1\u00eda, deber\u00e1 garantizar en todo tiempo al titular de la informaci\u00f3n, el pleno y efectivo ejercicio del derecho al h\u00e1beas data y de petici\u00f3n, es decir, la posibilidad de conocer la informaci\u00f3n que sobre \u00e9l exista o repose en el banco de datos, solicitar la actualizaci\u00f3n o correcci\u00f3n de datos y tramitar consultas, todo lo cual se realizar\u00e1 por conducto de los mecanismos de consultas o reclamos previstos en la presente pol\u00edtica.<\/p>\n<p>g) La compa\u00f1\u00eda deber\u00e1 conservar con las debidas seguridades los registros de datos personales almacenados para impedir su deterioro, p\u00e9rdida, alteraci\u00f3n, uso no autorizado o fraudulento y realizar peri\u00f3dica y oportunamente la actualizaci\u00f3n y rectificaci\u00f3n de los datos, cada vez que los titulares de los mismos le reporten novedades o solicitudes.\u00a0<\/p>\n<p>FINALIDADES DE LA RECOLECCI\u00d3N DE LOS DATOS PERSONALES\u00a0<\/p>\n<p>Los datos personales por usted proporcionados a REGINA IMPORTACIONES SAC. ser\u00e1n almacenados en nuestras bases de datos y ser\u00e1n utilizados para alguna de las siguientes finalidades:\u00a0<\/p>\n<p>4.1. Con Clientes:\u00a0<\/p>\n<p>a) Ejecutar la relaci\u00f3n contractual existente<\/p>\n<p>b) Proveer los productos requeridos<\/p>\n<p>c) Informar sobre nuevos productos, o sobre cambios en los mismos<\/p>\n<p>d) Ejercer control en la entrega de productos<\/p>\n<p>e) Evaluar la calidad del servicio<\/p>\n<p>f) La realizaci\u00f3n de an\u00e1lisis estad\u00edsticos, comerciales, estrat\u00e9gicos, financieros que conciernan al objeto social de REGINA IMPORTACIONES SAC<\/p>\n<p>g) Enviar al correo f\u00edsico, electr\u00f3nico, celular o dispositivo m\u00f3vil, v\u00eda mensajes de texto (SMS y\/o MMS) o a trav\u00e9s de cualquier otro medio an\u00e1logo y\/o digital de comunicaci\u00f3n, informaci\u00f3n comercial, publicitaria o promocional sobre los productos, eventos y\/o promociones de tipo comercial, con el fin de impulsar, invitar, dirigir, ejecutar, informar y de manera general, llevar a cabo campa\u00f1as, promociones o concursos de car\u00e1cter comercial o publicitario, adelantados por REGINA IMPORTACIONES SAC y\/o por terceras personas.<\/p>\n<p>\u00a0<\/p>\n<p>CASOS EN QUE NO SE REQUIERE LA AUTORIZACI\u00d3N:\u00a0<\/p>\n<p>La autorizaci\u00f3n del Titular no ser\u00e1 necesaria cuando se trate de:\u00a0<\/p>\n<p>a) Informaci\u00f3n requerida por una entidad p\u00fablica o administrativa en ejercicio de sus funciones legales o por orden judicial.<\/p>\n<p>b) Datos de naturaleza p\u00fablica.<\/p>\n<p>c) Casos de urgencia m\u00e9dica o sanitaria.<\/p>\n<p>d) Tratamiento de informaci\u00f3n autorizado por la ley para fines hist\u00f3ricos, estad\u00edsticos o cient\u00edficos.<\/p>\n<p>e) Datos relacionados con el Registro Civil de las Personas.\u00a0<\/p>\n<p>SEGURIDAD DE LA INFORMACI\u00d3N\u00a0<\/p>\n<p>REGINA IMPORTACIONES SACcuenta con las medidas de seguridad humana, administrativa y t\u00e9cnica para proteger la informaci\u00f3n de los Titulares, e impedir el acceso no autorizado a sus datos o cualquier modificaci\u00f3n, divulgaci\u00f3n o destrucci\u00f3n no autorizada de los mismos.\u00a0<\/p>\n<p>VIGENCIA DE LA BASE DE DATOS\u00a0<\/p>\n<p>Los datos personales incorporados en la Base de Datos de REGINA IMPORTACIONES SAC, estar\u00e1n vigentes durante el plazo necesario para cumplir sus finalidades y para permitir el cumplimiento de sus obligaciones legales y contractuales.<\/p>\n\t\t\t\t\t\t\t\t<\/div>\n\t\t\t\t<\/div>\n\t\t\t\t\t<\/div>\n\t\t\t\t<\/div>\n\t\t\t\t<\/div>\n\t\t","protected":false},"excerpt":{"rendered":"<p>POL\u00cdTICA DE PRIVACIDAD Mediante la presente pol\u00edtica de privacidad, de acuerdo a la Ley No. 29733, Ley de Protecci\u00f3n de<\/p>\n","protected":false},"author":1,"featured_media":0,"parent":0,"menu_order":0,"comment_status":"closed","ping_status":"open","template":"","meta":{"_joinchat":[],"footnotes":""},"class_list":["post-3","page","type-page","status-publish","hentry"],"jetpack_sharing_enabled":true,"_links":{"self":[{"href":"https:\/\/thalitaperu.com\/index.php\/wp-json\/wp\/v2\/pages\/3","targetHints":{"allow":["GET"]}}],"collection":[{"href":"https:\/\/thalitaperu.com\/index.php\/wp-json\/wp\/v2\/pages"}],"about":[{"href":"https:\/\/thalitaperu.com\/index.php\/wp-json\/wp\/v2\/types\/page"}],"author":[{"embeddable":true,"href":"https:\/\/thalitaperu.com\/index.php\/wp-json\/wp\/v2\/users\/1"}],"replies":[{"embeddable":true,"href":"https:\/\/thalitaperu.com\/index.php\/wp-json\/wp\/v2\/comments?post=3"}],"version-history":[{"count":6,"href":"https:\/\/thalitaperu.com\/index.php\/wp-json\/wp\/v2\/pages\/3\/revisions"}],"predecessor-version":[{"id":16874,"href":"https:\/\/thalitaperu.com\/index.php\/wp-json\/wp\/v2\/pages\/3\/revisions\/16874"}],"wp:attachment":[{"href":"https:\/\/thalitaperu.com\/index.php\/wp-json\/wp\/v2\/media?parent=3"}],"curies":[{"name":"wp","href":"https:\/\/api.w.org\/{rel}","templated":true}]}}