{"id":15924,"date":"2023-10-26T00:59:45","date_gmt":"2023-10-25T22:59:45","guid":{"rendered":"https:\/\/thalitaperu.com\/?post_type=product&#038;p=15924"},"modified":"2023-11-15T23:17:27","modified_gmt":"2023-11-15T22:17:27","slug":"ref-4772-body-faja-floreado","status":"publish","type":"product","link":"https:\/\/thalitaperu.com\/index.php\/producto\/ref-4772-body-faja-floreado\/","title":{"rendered":"Ref 4772 Body faja floreado"},"content":{"rendered":"<div>\n<p>MATERIAL<\/p>\n<p>Licra colombiana 88% Poliester 12% Elastano<\/p>\n<\/div>\n","protected":false},"excerpt":{"rendered":"<div>\n<p>Body faja con dise\u00f1o floreado y detalle en escote. Dise\u00f1o sin mangas. Doble tela de compresi\u00f3n en abdomen y truza tipo hilo.<\/p>\n<\/div>\n","protected":false},"featured_media":15867,"comment_status":"open","ping_status":"closed","template":"","meta":{"_joinchat":[]},"product_brand":[],"product_cat":[20,75],"product_tag":[],"class_list":{"0":"post-15924","1":"product","2":"type-product","3":"status-publish","4":"has-post-thumbnail","6":"product_cat-bodies-faja","7":"product_cat-bodies-manga-corta","9":"first","10":"instock","11":"shipping-taxable","12":"purchasable","13":"product-type-variable","14":"has-default-attributes"},"jetpack_sharing_enabled":true,"_links":{"self":[{"href":"https:\/\/thalitaperu.com\/index.php\/wp-json\/wp\/v2\/product\/15924","targetHints":{"allow":["GET"]}}],"collection":[{"href":"https:\/\/thalitaperu.com\/index.php\/wp-json\/wp\/v2\/product"}],"about":[{"href":"https:\/\/thalitaperu.com\/index.php\/wp-json\/wp\/v2\/types\/product"}],"replies":[{"embeddable":true,"href":"https:\/\/thalitaperu.com\/index.php\/wp-json\/wp\/v2\/comments?post=15924"}],"version-history":[{"count":2,"href":"https:\/\/thalitaperu.com\/index.php\/wp-json\/wp\/v2\/product\/15924\/revisions"}],"predecessor-version":[{"id":17192,"href":"https:\/\/thalitaperu.com\/index.php\/wp-json\/wp\/v2\/product\/15924\/revisions\/17192"}],"wp:featuredmedia":[{"embeddable":true,"href":"https:\/\/thalitaperu.com\/index.php\/wp-json\/wp\/v2\/media\/15867"}],"wp:attachment":[{"href":"https:\/\/thalitaperu.com\/index.php\/wp-json\/wp\/v2\/media?parent=15924"}],"wp:term":[{"taxonomy":"product_brand","embeddable":true,"href":"https:\/\/thalitaperu.com\/index.php\/wp-json\/wp\/v2\/product_brand?post=15924"},{"taxonomy":"product_cat","embeddable":true,"href":"https:\/\/thalitaperu.com\/index.php\/wp-json\/wp\/v2\/product_cat?post=15924"},{"taxonomy":"product_tag","embeddable":true,"href":"https:\/\/thalitaperu.com\/index.php\/wp-json\/wp\/v2\/product_tag?post=15924"}],"curies":[{"name":"wp","href":"https:\/\/api.w.org\/{rel}","templated":true}]}}