{"id":16233,"date":"2023-10-30T20:46:12","date_gmt":"2023-10-30T19:46:12","guid":{"rendered":"https:\/\/thalitaperu.com\/?post_type=product&#038;p=16233"},"modified":"2023-11-15T23:47:13","modified_gmt":"2023-11-15T22:47:13","slug":"ref-4800-body-faja-con-diseno-print","status":"publish","type":"product","link":"https:\/\/thalitaperu.com\/index.php\/producto\/ref-4800-body-faja-con-diseno-print\/","title":{"rendered":"Ref 4800 Body faja con dise\u00f1o print"},"content":{"rendered":"<div>\n<p>MATERIAL<\/p>\n<p>Licra colombiana 88% Poliester 12% Elastano<\/p>\n<\/div>\n","protected":false},"excerpt":{"rendered":"<div>\n<p>Body faja con dise\u00f1o superior print y semi transparencia. Detalle de lazo en cuello y mu\u00f1ecas Doble tela de compresi\u00f3n en abdomen y truza tipo hilo.<\/p>\n<\/div>\n","protected":false},"featured_media":16207,"comment_status":"open","ping_status":"closed","template":"","meta":{"_joinchat":[]},"product_brand":[],"product_cat":[76,20,74],"product_tag":[],"class_list":{"0":"post-16233","1":"product","2":"type-product","3":"status-publish","4":"has-post-thumbnail","6":"product_cat-bodies-con-copa","7":"product_cat-bodies-faja","8":"product_cat-bodies-manga-larga","10":"first","11":"instock","12":"shipping-taxable","13":"purchasable","14":"product-type-variable","15":"has-default-attributes"},"jetpack_sharing_enabled":true,"_links":{"self":[{"href":"https:\/\/thalitaperu.com\/index.php\/wp-json\/wp\/v2\/product\/16233","targetHints":{"allow":["GET"]}}],"collection":[{"href":"https:\/\/thalitaperu.com\/index.php\/wp-json\/wp\/v2\/product"}],"about":[{"href":"https:\/\/thalitaperu.com\/index.php\/wp-json\/wp\/v2\/types\/product"}],"replies":[{"embeddable":true,"href":"https:\/\/thalitaperu.com\/index.php\/wp-json\/wp\/v2\/comments?post=16233"}],"version-history":[{"count":2,"href":"https:\/\/thalitaperu.com\/index.php\/wp-json\/wp\/v2\/product\/16233\/revisions"}],"predecessor-version":[{"id":17220,"href":"https:\/\/thalitaperu.com\/index.php\/wp-json\/wp\/v2\/product\/16233\/revisions\/17220"}],"wp:featuredmedia":[{"embeddable":true,"href":"https:\/\/thalitaperu.com\/index.php\/wp-json\/wp\/v2\/media\/16207"}],"wp:attachment":[{"href":"https:\/\/thalitaperu.com\/index.php\/wp-json\/wp\/v2\/media?parent=16233"}],"wp:term":[{"taxonomy":"product_brand","embeddable":true,"href":"https:\/\/thalitaperu.com\/index.php\/wp-json\/wp\/v2\/product_brand?post=16233"},{"taxonomy":"product_cat","embeddable":true,"href":"https:\/\/thalitaperu.com\/index.php\/wp-json\/wp\/v2\/product_cat?post=16233"},{"taxonomy":"product_tag","embeddable":true,"href":"https:\/\/thalitaperu.com\/index.php\/wp-json\/wp\/v2\/product_tag?post=16233"}],"curies":[{"name":"wp","href":"https:\/\/api.w.org\/{rel}","templated":true}]}}