{"id":16297,"date":"2023-10-30T22:10:31","date_gmt":"2023-10-30T21:10:31","guid":{"rendered":"https:\/\/thalitaperu.com\/?post_type=product&#038;p=16297"},"modified":"2023-11-15T23:04:10","modified_gmt":"2023-11-15T22:04:10","slug":"ref-1541-body-faja-con-escote-cuadrado","status":"publish","type":"product","link":"https:\/\/thalitaperu.com\/index.php\/producto\/ref-1541-body-faja-con-escote-cuadrado\/","title":{"rendered":"Ref 1541 Body faja con escote cuadrado"},"content":{"rendered":"<div>\n<p>MATERIAL<\/p>\n<p>Licra colombiana 88% Poliester 12% Elastano<\/p>\n<\/div>\n","protected":false},"excerpt":{"rendered":"<div>\n<p>Body faja b\u00e1sico con cuello tortura y escote cuadrado. Dise\u00f1o con abertura en espalda alta. Doble tela de compresi\u00f3n en abdomen y truza tipo hilo.<\/p>\n<\/div>\n","protected":false},"featured_media":15874,"comment_status":"open","ping_status":"closed","template":"","meta":{"_joinchat":[]},"product_brand":[],"product_cat":[20,75],"product_tag":[],"class_list":{"0":"post-16297","1":"product","2":"type-product","3":"status-publish","4":"has-post-thumbnail","6":"product_cat-bodies-faja","7":"product_cat-bodies-manga-corta","9":"first","10":"instock","11":"shipping-taxable","12":"purchasable","13":"product-type-variable","14":"has-default-attributes"},"jetpack_sharing_enabled":true,"_links":{"self":[{"href":"https:\/\/thalitaperu.com\/index.php\/wp-json\/wp\/v2\/product\/16297","targetHints":{"allow":["GET"]}}],"collection":[{"href":"https:\/\/thalitaperu.com\/index.php\/wp-json\/wp\/v2\/product"}],"about":[{"href":"https:\/\/thalitaperu.com\/index.php\/wp-json\/wp\/v2\/types\/product"}],"replies":[{"embeddable":true,"href":"https:\/\/thalitaperu.com\/index.php\/wp-json\/wp\/v2\/comments?post=16297"}],"version-history":[{"count":2,"href":"https:\/\/thalitaperu.com\/index.php\/wp-json\/wp\/v2\/product\/16297\/revisions"}],"predecessor-version":[{"id":17173,"href":"https:\/\/thalitaperu.com\/index.php\/wp-json\/wp\/v2\/product\/16297\/revisions\/17173"}],"wp:featuredmedia":[{"embeddable":true,"href":"https:\/\/thalitaperu.com\/index.php\/wp-json\/wp\/v2\/media\/15874"}],"wp:attachment":[{"href":"https:\/\/thalitaperu.com\/index.php\/wp-json\/wp\/v2\/media?parent=16297"}],"wp:term":[{"taxonomy":"product_brand","embeddable":true,"href":"https:\/\/thalitaperu.com\/index.php\/wp-json\/wp\/v2\/product_brand?post=16297"},{"taxonomy":"product_cat","embeddable":true,"href":"https:\/\/thalitaperu.com\/index.php\/wp-json\/wp\/v2\/product_cat?post=16297"},{"taxonomy":"product_tag","embeddable":true,"href":"https:\/\/thalitaperu.com\/index.php\/wp-json\/wp\/v2\/product_tag?post=16297"}],"curies":[{"name":"wp","href":"https:\/\/api.w.org\/{rel}","templated":true}]}}