{"id":16551,"date":"2023-10-31T18:34:46","date_gmt":"2023-10-31T17:34:46","guid":{"rendered":"https:\/\/thalitaperu.com\/?post_type=product&#038;p=16551"},"modified":"2023-11-15T23:02:23","modified_gmt":"2023-11-15T22:02:23","slug":"ref-1543-body-faja-basico-manga-corta","status":"publish","type":"product","link":"https:\/\/thalitaperu.com\/index.php\/producto\/ref-1543-body-faja-basico-manga-corta\/","title":{"rendered":"Ref 1543 Body faja b\u00e1sico manga corta"},"content":{"rendered":"<div>\n<p>MATERIAL<\/p>\n<p>Licra colombiana 88% Poliester 12% Elastano<\/p>\n<\/div>\n","protected":false},"excerpt":{"rendered":"<div>\n<p>Body faja b\u00e1sico con escote cuadrado y dise\u00f1o en mangas. Doble tela de compresi\u00f3n en abdomen y truza tipo hilo.<\/p>\n<\/div>\n","protected":false},"featured_media":16394,"comment_status":"open","ping_status":"closed","template":"","meta":{"_joinchat":[]},"product_brand":[],"product_cat":[20,75],"product_tag":[],"class_list":{"0":"post-16551","1":"product","2":"type-product","3":"status-publish","4":"has-post-thumbnail","6":"product_cat-bodies-faja","7":"product_cat-bodies-manga-corta","9":"first","10":"instock","11":"shipping-taxable","12":"purchasable","13":"product-type-variable"},"jetpack_sharing_enabled":true,"_links":{"self":[{"href":"https:\/\/thalitaperu.com\/index.php\/wp-json\/wp\/v2\/product\/16551","targetHints":{"allow":["GET"]}}],"collection":[{"href":"https:\/\/thalitaperu.com\/index.php\/wp-json\/wp\/v2\/product"}],"about":[{"href":"https:\/\/thalitaperu.com\/index.php\/wp-json\/wp\/v2\/types\/product"}],"replies":[{"embeddable":true,"href":"https:\/\/thalitaperu.com\/index.php\/wp-json\/wp\/v2\/comments?post=16551"}],"version-history":[{"count":2,"href":"https:\/\/thalitaperu.com\/index.php\/wp-json\/wp\/v2\/product\/16551\/revisions"}],"predecessor-version":[{"id":17169,"href":"https:\/\/thalitaperu.com\/index.php\/wp-json\/wp\/v2\/product\/16551\/revisions\/17169"}],"wp:featuredmedia":[{"embeddable":true,"href":"https:\/\/thalitaperu.com\/index.php\/wp-json\/wp\/v2\/media\/16394"}],"wp:attachment":[{"href":"https:\/\/thalitaperu.com\/index.php\/wp-json\/wp\/v2\/media?parent=16551"}],"wp:term":[{"taxonomy":"product_brand","embeddable":true,"href":"https:\/\/thalitaperu.com\/index.php\/wp-json\/wp\/v2\/product_brand?post=16551"},{"taxonomy":"product_cat","embeddable":true,"href":"https:\/\/thalitaperu.com\/index.php\/wp-json\/wp\/v2\/product_cat?post=16551"},{"taxonomy":"product_tag","embeddable":true,"href":"https:\/\/thalitaperu.com\/index.php\/wp-json\/wp\/v2\/product_tag?post=16551"}],"curies":[{"name":"wp","href":"https:\/\/api.w.org\/{rel}","templated":true}]}}