{"id":16747,"date":"2023-10-31T20:00:46","date_gmt":"2023-10-31T19:00:46","guid":{"rendered":"https:\/\/thalitaperu.com\/?post_type=product&#038;p=16747"},"modified":"2023-11-15T23:01:49","modified_gmt":"2023-11-15T22:01:49","slug":"ref-4765-body-faja-asimetrico","status":"publish","type":"product","link":"https:\/\/thalitaperu.com\/index.php\/producto\/ref-4765-body-faja-asimetrico\/","title":{"rendered":"Ref 4765 Body faja asim\u00e9trico"},"content":{"rendered":"<div>\n<p>MATERIAL<\/p>\n<p>Licra colombiana 88% Poliester 12% Elastano<\/p>\n<\/div>\n","protected":false},"excerpt":{"rendered":"<div>\n<p>Body faja asim\u00e9trico con mangas. Dise\u00f1o cuello alto con abertura en escote. Doble tela de compresi\u00f3n en abdomen y truza tipo hilo.<\/p>\n<\/div>\n","protected":false},"featured_media":16472,"comment_status":"open","ping_status":"closed","template":"","meta":{"_joinchat":[]},"product_brand":[],"product_cat":[20,74],"product_tag":[],"class_list":{"0":"post-16747","1":"product","2":"type-product","3":"status-publish","4":"has-post-thumbnail","6":"product_cat-bodies-faja","7":"product_cat-bodies-manga-larga","9":"first","10":"instock","11":"shipping-taxable","12":"purchasable","13":"product-type-variable","14":"has-default-attributes"},"jetpack_sharing_enabled":true,"_links":{"self":[{"href":"https:\/\/thalitaperu.com\/index.php\/wp-json\/wp\/v2\/product\/16747","targetHints":{"allow":["GET"]}}],"collection":[{"href":"https:\/\/thalitaperu.com\/index.php\/wp-json\/wp\/v2\/product"}],"about":[{"href":"https:\/\/thalitaperu.com\/index.php\/wp-json\/wp\/v2\/types\/product"}],"replies":[{"embeddable":true,"href":"https:\/\/thalitaperu.com\/index.php\/wp-json\/wp\/v2\/comments?post=16747"}],"version-history":[{"count":2,"href":"https:\/\/thalitaperu.com\/index.php\/wp-json\/wp\/v2\/product\/16747\/revisions"}],"predecessor-version":[{"id":17168,"href":"https:\/\/thalitaperu.com\/index.php\/wp-json\/wp\/v2\/product\/16747\/revisions\/17168"}],"wp:featuredmedia":[{"embeddable":true,"href":"https:\/\/thalitaperu.com\/index.php\/wp-json\/wp\/v2\/media\/16472"}],"wp:attachment":[{"href":"https:\/\/thalitaperu.com\/index.php\/wp-json\/wp\/v2\/media?parent=16747"}],"wp:term":[{"taxonomy":"product_brand","embeddable":true,"href":"https:\/\/thalitaperu.com\/index.php\/wp-json\/wp\/v2\/product_brand?post=16747"},{"taxonomy":"product_cat","embeddable":true,"href":"https:\/\/thalitaperu.com\/index.php\/wp-json\/wp\/v2\/product_cat?post=16747"},{"taxonomy":"product_tag","embeddable":true,"href":"https:\/\/thalitaperu.com\/index.php\/wp-json\/wp\/v2\/product_tag?post=16747"}],"curies":[{"name":"wp","href":"https:\/\/api.w.org\/{rel}","templated":true}]}}