{"id":17015,"date":"2023-11-03T18:49:08","date_gmt":"2023-11-03T17:49:08","guid":{"rendered":"https:\/\/thalitaperu.com\/?post_type=product&#038;p=17015"},"modified":"2025-11-13T22:35:06","modified_gmt":"2025-11-13T21:35:06","slug":"ref-314l-pantalon-levantacola-con-cierre-delantero-y-detalle-en-rodillas","status":"publish","type":"product","link":"https:\/\/thalitaperu.com\/index.php\/producto\/ref-314l-pantalon-levantacola-con-cierre-delantero-y-detalle-en-rodillas\/","title":{"rendered":"Ref 314L Pantal\u00f3n levantacola con cierre delantero y detalle en rodillas"},"content":{"rendered":"<p><strong>Material:<\/strong> 79% Poliester 21% Spandex<\/p>\n","protected":false},"excerpt":{"rendered":"<p><span class=\"OYPEnA text-decoration-none text-strikethrough-none\">Pantal\u00f3n skinny tiro alto tipo cuerina con cierre delantero y detalles en rodillas. Dise\u00f1o con levantacola y compresi\u00f3n en abdomen.<\/span><\/p>\n","protected":false},"featured_media":16938,"comment_status":"open","ping_status":"closed","template":"","meta":{"_joinchat":[]},"product_brand":[],"product_cat":[72],"product_tag":[],"class_list":{"0":"post-17015","1":"product","2":"type-product","3":"status-publish","4":"has-post-thumbnail","6":"product_cat-pantalones","8":"first","9":"instock","10":"shipping-taxable","11":"purchasable","12":"product-type-variable"},"jetpack_sharing_enabled":true,"_links":{"self":[{"href":"https:\/\/thalitaperu.com\/index.php\/wp-json\/wp\/v2\/product\/17015","targetHints":{"allow":["GET"]}}],"collection":[{"href":"https:\/\/thalitaperu.com\/index.php\/wp-json\/wp\/v2\/product"}],"about":[{"href":"https:\/\/thalitaperu.com\/index.php\/wp-json\/wp\/v2\/types\/product"}],"replies":[{"embeddable":true,"href":"https:\/\/thalitaperu.com\/index.php\/wp-json\/wp\/v2\/comments?post=17015"}],"version-history":[{"count":2,"href":"https:\/\/thalitaperu.com\/index.php\/wp-json\/wp\/v2\/product\/17015\/revisions"}],"predecessor-version":[{"id":17149,"href":"https:\/\/thalitaperu.com\/index.php\/wp-json\/wp\/v2\/product\/17015\/revisions\/17149"}],"wp:featuredmedia":[{"embeddable":true,"href":"https:\/\/thalitaperu.com\/index.php\/wp-json\/wp\/v2\/media\/16938"}],"wp:attachment":[{"href":"https:\/\/thalitaperu.com\/index.php\/wp-json\/wp\/v2\/media?parent=17015"}],"wp:term":[{"taxonomy":"product_brand","embeddable":true,"href":"https:\/\/thalitaperu.com\/index.php\/wp-json\/wp\/v2\/product_brand?post=17015"},{"taxonomy":"product_cat","embeddable":true,"href":"https:\/\/thalitaperu.com\/index.php\/wp-json\/wp\/v2\/product_cat?post=17015"},{"taxonomy":"product_tag","embeddable":true,"href":"https:\/\/thalitaperu.com\/index.php\/wp-json\/wp\/v2\/product_tag?post=17015"}],"curies":[{"name":"wp","href":"https:\/\/api.w.org\/{rel}","templated":true}]}}