{"id":17033,"date":"2023-11-03T18:51:22","date_gmt":"2023-11-03T17:51:22","guid":{"rendered":"https:\/\/thalitaperu.com\/?post_type=product&#038;p=17033"},"modified":"2023-11-06T20:20:24","modified_gmt":"2023-11-06T19:20:24","slug":"ref-314l-jean-levantacola-con-cierre-delantero-y-detalle-en-rodillas-copia","status":"publish","type":"product","link":"https:\/\/thalitaperu.com\/index.php\/producto\/ref-314l-jean-levantacola-con-cierre-delantero-y-detalle-en-rodillas-copia\/","title":{"rendered":"Ref 8020 Jean levantacola con cintur\u00f3n removible"},"content":{"rendered":"<div>\n<p><strong>Material:<\/strong> 64% Algod\u00f3n 31% Poliester 3% Rayon 2% Elastano<\/p>\n<\/div>\n","protected":false},"excerpt":{"rendered":"<p><span class=\"OYPEnA text-decoration-none text-strikethrough-none\">Skinny Jean tiro alto b\u00e1sico con cintur\u00f3n removible. Dise\u00f1o con levantacola y compresi\u00f3n en abdomen.<\/span><\/p>\n","protected":false},"featured_media":16941,"comment_status":"open","ping_status":"closed","template":"","meta":{"_joinchat":[]},"product_brand":[],"product_cat":[72],"product_tag":[],"class_list":{"0":"post-17033","1":"product","2":"type-product","3":"status-publish","4":"has-post-thumbnail","6":"product_cat-pantalones","8":"first","9":"instock","10":"shipping-taxable","11":"purchasable","12":"product-type-variable"},"jetpack_sharing_enabled":true,"_links":{"self":[{"href":"https:\/\/thalitaperu.com\/index.php\/wp-json\/wp\/v2\/product\/17033","targetHints":{"allow":["GET"]}}],"collection":[{"href":"https:\/\/thalitaperu.com\/index.php\/wp-json\/wp\/v2\/product"}],"about":[{"href":"https:\/\/thalitaperu.com\/index.php\/wp-json\/wp\/v2\/types\/product"}],"replies":[{"embeddable":true,"href":"https:\/\/thalitaperu.com\/index.php\/wp-json\/wp\/v2\/comments?post=17033"}],"version-history":[{"count":4,"href":"https:\/\/thalitaperu.com\/index.php\/wp-json\/wp\/v2\/product\/17033\/revisions"}],"predecessor-version":[{"id":17150,"href":"https:\/\/thalitaperu.com\/index.php\/wp-json\/wp\/v2\/product\/17033\/revisions\/17150"}],"wp:featuredmedia":[{"embeddable":true,"href":"https:\/\/thalitaperu.com\/index.php\/wp-json\/wp\/v2\/media\/16941"}],"wp:attachment":[{"href":"https:\/\/thalitaperu.com\/index.php\/wp-json\/wp\/v2\/media?parent=17033"}],"wp:term":[{"taxonomy":"product_brand","embeddable":true,"href":"https:\/\/thalitaperu.com\/index.php\/wp-json\/wp\/v2\/product_brand?post=17033"},{"taxonomy":"product_cat","embeddable":true,"href":"https:\/\/thalitaperu.com\/index.php\/wp-json\/wp\/v2\/product_cat?post=17033"},{"taxonomy":"product_tag","embeddable":true,"href":"https:\/\/thalitaperu.com\/index.php\/wp-json\/wp\/v2\/product_tag?post=17033"}],"curies":[{"name":"wp","href":"https:\/\/api.w.org\/{rel}","templated":true}]}}