{"id":17059,"date":"2023-11-03T18:56:52","date_gmt":"2023-11-03T17:56:52","guid":{"rendered":"https:\/\/thalitaperu.com\/?post_type=product&#038;p=17059"},"modified":"2023-11-06T20:22:00","modified_gmt":"2023-11-06T19:22:00","slug":"ref-551-jean-levantacola-con-diseno-de-correa-en-cintura","status":"publish","type":"product","link":"https:\/\/thalitaperu.com\/index.php\/producto\/ref-551-jean-levantacola-con-diseno-de-correa-en-cintura\/","title":{"rendered":"Ref 8012 Jean levantacola con dise\u00f1o de correa en cintura"},"content":{"rendered":"<div>\n<p><strong>Material:<\/strong> 64% Algod\u00f3n 31% Poli\u00e9ster 3% Ray\u00f3n 2% Elastano<\/p>\n<\/div>\n","protected":false},"excerpt":{"rendered":"<p><span class=\"OYPEnA text-decoration-none text-strikethrough-none\">Skinny Jean tiro alto b\u00e1sico con detalle de correas a los lados. Dise\u00f1o con levantacola y compresi\u00f3n en abdomen.<\/span><\/p>\n","protected":false},"featured_media":16923,"comment_status":"open","ping_status":"closed","template":"","meta":{"_joinchat":[]},"product_brand":[],"product_cat":[72],"product_tag":[],"class_list":{"0":"post-17059","1":"product","2":"type-product","3":"status-publish","4":"has-post-thumbnail","6":"product_cat-pantalones","8":"first","9":"instock","10":"shipping-taxable","11":"purchasable","12":"product-type-variable"},"jetpack_sharing_enabled":true,"_links":{"self":[{"href":"https:\/\/thalitaperu.com\/index.php\/wp-json\/wp\/v2\/product\/17059","targetHints":{"allow":["GET"]}}],"collection":[{"href":"https:\/\/thalitaperu.com\/index.php\/wp-json\/wp\/v2\/product"}],"about":[{"href":"https:\/\/thalitaperu.com\/index.php\/wp-json\/wp\/v2\/types\/product"}],"replies":[{"embeddable":true,"href":"https:\/\/thalitaperu.com\/index.php\/wp-json\/wp\/v2\/comments?post=17059"}],"version-history":[{"count":3,"href":"https:\/\/thalitaperu.com\/index.php\/wp-json\/wp\/v2\/product\/17059\/revisions"}],"predecessor-version":[{"id":17153,"href":"https:\/\/thalitaperu.com\/index.php\/wp-json\/wp\/v2\/product\/17059\/revisions\/17153"}],"wp:featuredmedia":[{"embeddable":true,"href":"https:\/\/thalitaperu.com\/index.php\/wp-json\/wp\/v2\/media\/16923"}],"wp:attachment":[{"href":"https:\/\/thalitaperu.com\/index.php\/wp-json\/wp\/v2\/media?parent=17059"}],"wp:term":[{"taxonomy":"product_brand","embeddable":true,"href":"https:\/\/thalitaperu.com\/index.php\/wp-json\/wp\/v2\/product_brand?post=17059"},{"taxonomy":"product_cat","embeddable":true,"href":"https:\/\/thalitaperu.com\/index.php\/wp-json\/wp\/v2\/product_cat?post=17059"},{"taxonomy":"product_tag","embeddable":true,"href":"https:\/\/thalitaperu.com\/index.php\/wp-json\/wp\/v2\/product_tag?post=17059"}],"curies":[{"name":"wp","href":"https:\/\/api.w.org\/{rel}","templated":true}]}}