{"id":17094,"date":"2023-11-03T19:02:23","date_gmt":"2023-11-03T18:02:23","guid":{"rendered":"https:\/\/thalitaperu.com\/?post_type=product&#038;p=17094"},"modified":"2023-11-06T20:23:48","modified_gmt":"2023-11-06T19:23:48","slug":"ref-508-pantalon-levantacola-con-cierre-y-correa","status":"publish","type":"product","link":"https:\/\/thalitaperu.com\/index.php\/producto\/ref-508-pantalon-levantacola-con-cierre-y-correa\/","title":{"rendered":"Ref 508 Pantal\u00f3n levantacola con cierre y correa"},"content":{"rendered":"<p><strong>Material:<\/strong> 60% Rayon 32% Nylon 8% Spandex<\/p>\n","protected":false},"excerpt":{"rendered":"<div>\n<p>Pantal\u00f3n skinny tiro alto con cierre delantero y cintur\u00f3n no removible. Dise\u00f1o levantacola y compresi\u00f3n en abdomen.<\/p>\n<\/div>\n","protected":false},"featured_media":16932,"comment_status":"open","ping_status":"closed","template":"","meta":{"_joinchat":[]},"product_brand":[],"product_cat":[72],"product_tag":[],"class_list":{"0":"post-17094","1":"product","2":"type-product","3":"status-publish","4":"has-post-thumbnail","6":"product_cat-pantalones","8":"first","9":"instock","10":"shipping-taxable","11":"purchasable","12":"product-type-variable","13":"has-default-attributes"},"jetpack_sharing_enabled":true,"_links":{"self":[{"href":"https:\/\/thalitaperu.com\/index.php\/wp-json\/wp\/v2\/product\/17094","targetHints":{"allow":["GET"]}}],"collection":[{"href":"https:\/\/thalitaperu.com\/index.php\/wp-json\/wp\/v2\/product"}],"about":[{"href":"https:\/\/thalitaperu.com\/index.php\/wp-json\/wp\/v2\/types\/product"}],"replies":[{"embeddable":true,"href":"https:\/\/thalitaperu.com\/index.php\/wp-json\/wp\/v2\/comments?post=17094"}],"version-history":[{"count":2,"href":"https:\/\/thalitaperu.com\/index.php\/wp-json\/wp\/v2\/product\/17094\/revisions"}],"predecessor-version":[{"id":17158,"href":"https:\/\/thalitaperu.com\/index.php\/wp-json\/wp\/v2\/product\/17094\/revisions\/17158"}],"wp:featuredmedia":[{"embeddable":true,"href":"https:\/\/thalitaperu.com\/index.php\/wp-json\/wp\/v2\/media\/16932"}],"wp:attachment":[{"href":"https:\/\/thalitaperu.com\/index.php\/wp-json\/wp\/v2\/media?parent=17094"}],"wp:term":[{"taxonomy":"product_brand","embeddable":true,"href":"https:\/\/thalitaperu.com\/index.php\/wp-json\/wp\/v2\/product_brand?post=17094"},{"taxonomy":"product_cat","embeddable":true,"href":"https:\/\/thalitaperu.com\/index.php\/wp-json\/wp\/v2\/product_cat?post=17094"},{"taxonomy":"product_tag","embeddable":true,"href":"https:\/\/thalitaperu.com\/index.php\/wp-json\/wp\/v2\/product_tag?post=17094"}],"curies":[{"name":"wp","href":"https:\/\/api.w.org\/{rel}","templated":true}]}}