{"id":17114,"date":"2023-11-03T19:12:20","date_gmt":"2023-11-03T18:12:20","guid":{"rendered":"https:\/\/thalitaperu.com\/?post_type=product&#038;p=17114"},"modified":"2026-02-16T14:11:59","modified_gmt":"2026-02-16T13:11:59","slug":"ref-2513-cinturilla-reductora-con-diseno-labrado","status":"publish","type":"product","link":"https:\/\/thalitaperu.com\/index.php\/producto\/ref-2513-cinturilla-reductora-con-diseno-labrado\/","title":{"rendered":"Ref 2513 Cinturilla reductora con dise\u00f1o labrado"},"content":{"rendered":"<p><strong>Lo que amaras:<\/strong><\/p>\n<ul>\n<li>Tambi\u00e9n puedes usarla como cinturilla deportiva, brind\u00e1ndote un mejor soporte de espalda para ejercicios con peso.<\/li>\n<li>Tiene 3 niveles de ajuste frontal para que grad\u00faes a medida que vayas disminuyendo medidas.<\/li>\n<li>Ayuda a realzar tu busto. \u2063<\/li>\n<li>Hecha en l\u00e1tex recubierta en algod\u00f3n<\/li>\n<\/ul>\n","protected":false},"excerpt":{"rendered":"<p>Nuestra cinturilla Ref 2513 cuenta con 3 niveles de broches. Su dise\u00f1o tramado y l\u00e1tex reductor interno de m\u00e1xima compresi\u00f3n te har\u00e1 lucir la figura moldeada y estilizada.<\/p>\n","protected":false},"featured_media":17127,"comment_status":"open","ping_status":"closed","template":"","meta":{"_joinchat":[]},"product_brand":[],"product_cat":[73],"product_tag":[],"class_list":{"0":"post-17114","1":"product","2":"type-product","3":"status-publish","4":"has-post-thumbnail","6":"product_cat-fajas","8":"first","9":"instock","10":"shipping-taxable","11":"purchasable","12":"product-type-variable","13":"has-default-attributes"},"jetpack_sharing_enabled":true,"_links":{"self":[{"href":"https:\/\/thalitaperu.com\/index.php\/wp-json\/wp\/v2\/product\/17114","targetHints":{"allow":["GET"]}}],"collection":[{"href":"https:\/\/thalitaperu.com\/index.php\/wp-json\/wp\/v2\/product"}],"about":[{"href":"https:\/\/thalitaperu.com\/index.php\/wp-json\/wp\/v2\/types\/product"}],"replies":[{"embeddable":true,"href":"https:\/\/thalitaperu.com\/index.php\/wp-json\/wp\/v2\/comments?post=17114"}],"version-history":[{"count":1,"href":"https:\/\/thalitaperu.com\/index.php\/wp-json\/wp\/v2\/product\/17114\/revisions"}],"predecessor-version":[{"id":17139,"href":"https:\/\/thalitaperu.com\/index.php\/wp-json\/wp\/v2\/product\/17114\/revisions\/17139"}],"wp:featuredmedia":[{"embeddable":true,"href":"https:\/\/thalitaperu.com\/index.php\/wp-json\/wp\/v2\/media\/17127"}],"wp:attachment":[{"href":"https:\/\/thalitaperu.com\/index.php\/wp-json\/wp\/v2\/media?parent=17114"}],"wp:term":[{"taxonomy":"product_brand","embeddable":true,"href":"https:\/\/thalitaperu.com\/index.php\/wp-json\/wp\/v2\/product_brand?post=17114"},{"taxonomy":"product_cat","embeddable":true,"href":"https:\/\/thalitaperu.com\/index.php\/wp-json\/wp\/v2\/product_cat?post=17114"},{"taxonomy":"product_tag","embeddable":true,"href":"https:\/\/thalitaperu.com\/index.php\/wp-json\/wp\/v2\/product_tag?post=17114"}],"curies":[{"name":"wp","href":"https:\/\/api.w.org\/{rel}","templated":true}]}}